{"id":9,"date":"2025-12-05T19:51:17","date_gmt":"2025-12-05T18:51:17","guid":{"rendered":"http:\/\/www.hhstudios.fr\/blog\/blog\/"},"modified":"2026-01-17T12:34:06","modified_gmt":"2026-01-17T11:34:06","slug":"blog","status":"publish","type":"page","link":"https:\/\/www.hhstudios.fr\/blog\/blog\/","title":{"rendered":"Blog"},"content":{"rendered":"\n<div style=\"height:var(--wp--preset--spacing--50)\" aria-hidden=\"true\" class=\"wp-block-spacer\"><\/div>\n\n\n\n<div class=\"wp-block-group alignwide has-global-padding is-layout-constrained wp-block-group-is-layout-constrained\">\n<h1 class=\"wp-block-heading alignwide has-xx-large-font-size\" style=\"line-height:1.2\">Je suis Pharaoh Horus, un DJ passionn\u00e9 qui trouve son inspiration en capturant la beaut\u00e9 \u00e9ph\u00e9m\u00e8re de la vie.<\/h1>\n<\/div>\n\n\n\n<div class=\"wp-block-group alignfull has-global-padding is-layout-constrained wp-container-core-group-is-layout-2388926a wp-block-group-is-layout-constrained\" style=\"padding-top:var(--wp--preset--spacing--50);padding-right:var(--wp--preset--spacing--50);padding-bottom:var(--wp--preset--spacing--50);padding-left:var(--wp--preset--spacing--50)\">\n<div class=\"wp-block-columns alignwide is-layout-flex wp-container-core-columns-is-layout-694ead9e wp-block-columns-is-layout-flex\" style=\"margin-top:0;margin-bottom:0\">\n<div class=\"wp-block-column is-layout-flow wp-container-core-column-is-layout-c6aab7f7 wp-block-column-is-layout-flow\">\n<div class=\"wp-block-query is-layout-flow wp-block-query-is-layout-flow\"><ul class=\"wp-block-post-template is-layout-flow wp-container-core-post-template-is-layout-67fd14af wp-block-post-template-is-layout-flow\"><li class=\"wp-block-post post-374 post type-post status-publish format-standard hentry category-non-classe\">\n\n<\/li><li class=\"wp-block-post post-378 post type-post status-publish format-standard hentry category-non-classe\">\n\n<\/li><li class=\"wp-block-post post-342 post type-post status-publish format-standard has-post-thumbnail hentry category-ph tag-fm-2\">\n<figure style=\"margin-bottom:0;\" class=\"alignwide wp-block-post-featured-image\"><a href=\"https:\/\/www.hhstudios.fr\/blog\/2026\/01\/17\/phar-fm\/\" target=\"_self\"  ><img loading=\"lazy\" decoding=\"async\" width=\"1024\" height=\"1024\" src=\"https:\/\/www.hhstudios.fr\/blog\/wp-content\/uploads\/2026\/01\/PH_2013.jpg\" class=\"attachment-post-thumbnail size-post-thumbnail wp-post-image\" alt=\"Phar FM\" style=\"object-fit:cover;\" srcset=\"https:\/\/www.hhstudios.fr\/blog\/wp-content\/uploads\/2026\/01\/PH_2013.jpg 1024w, https:\/\/www.hhstudios.fr\/blog\/wp-content\/uploads\/2026\/01\/PH_2013-300x300.jpg 300w, https:\/\/www.hhstudios.fr\/blog\/wp-content\/uploads\/2026\/01\/PH_2013-150x150.jpg 150w, https:\/\/www.hhstudios.fr\/blog\/wp-content\/uploads\/2026\/01\/PH_2013-768x768.jpg 768w\" sizes=\"auto, (max-width: 1024px) 100vw, 1024px\" \/><\/a><\/figure>\n<\/li><\/ul><\/div>\n<\/div>\n\n\n\n<div class=\"wp-block-column is-layout-flow wp-container-core-column-is-layout-41a1b4d3 wp-block-column-is-layout-flow\" style=\"padding-top:0\">\n<div style=\"height:var(--wp--preset--spacing--50)\" aria-hidden=\"true\" class=\"wp-block-spacer\"><\/div>\n\n\n\n<div class=\"wp-block-query is-layout-flow wp-block-query-is-layout-flow\"><ul class=\"wp-block-post-template is-layout-flow wp-container-core-post-template-is-layout-67fd14af wp-block-post-template-is-layout-flow\"><li class=\"wp-block-post post-348 post type-post status-publish format-standard has-post-thumbnail hentry category-familymixes category-hr\">\n<figure style=\"margin-bottom:0;margin-top:0;\" class=\"alignwide wp-block-post-featured-image\"><a href=\"https:\/\/www.hhstudios.fr\/blog\/2026\/01\/16\/fam-fm\/\" target=\"_self\"  ><img loading=\"lazy\" decoding=\"async\" width=\"2000\" height=\"2000\" src=\"https:\/\/www.hhstudios.fr\/blog\/wp-content\/uploads\/2026\/01\/FamMixes.png\" class=\"attachment-post-thumbnail size-post-thumbnail wp-post-image\" alt=\"Fam FM\" style=\"object-fit:cover;\" srcset=\"https:\/\/www.hhstudios.fr\/blog\/wp-content\/uploads\/2026\/01\/FamMixes.png 2000w, https:\/\/www.hhstudios.fr\/blog\/wp-content\/uploads\/2026\/01\/FamMixes-300x300.png 300w, https:\/\/www.hhstudios.fr\/blog\/wp-content\/uploads\/2026\/01\/FamMixes-1024x1024.png 1024w, https:\/\/www.hhstudios.fr\/blog\/wp-content\/uploads\/2026\/01\/FamMixes-150x150.png 150w, https:\/\/www.hhstudios.fr\/blog\/wp-content\/uploads\/2026\/01\/FamMixes-768x768.png 768w, https:\/\/www.hhstudios.fr\/blog\/wp-content\/uploads\/2026\/01\/FamMixes-1536x1536.png 1536w\" sizes=\"auto, (max-width: 2000px) 100vw, 2000px\" \/><\/a><\/figure>\n<\/li><li class=\"wp-block-post post-225 post type-post status-publish format-aside has-post-thumbnail hentry category-hhps post_format-post-format-aside\">\n<figure style=\"margin-bottom:0;margin-top:0;\" class=\"alignwide wp-block-post-featured-image\"><a href=\"https:\/\/www.hhstudios.fr\/blog\/2025\/12\/11\/promo-30\/\" target=\"_self\"  ><img loading=\"lazy\" decoding=\"async\" width=\"360\" height=\"360\" src=\"https:\/\/www.hhstudios.fr\/blog\/wp-content\/uploads\/2025\/12\/pngtree.png\" class=\"attachment-post-thumbnail size-post-thumbnail wp-post-image\" alt=\"Promo 30\" style=\"object-fit:cover;\" srcset=\"https:\/\/www.hhstudios.fr\/blog\/wp-content\/uploads\/2025\/12\/pngtree.png 360w, https:\/\/www.hhstudios.fr\/blog\/wp-content\/uploads\/2025\/12\/pngtree-300x300.png 300w, https:\/\/www.hhstudios.fr\/blog\/wp-content\/uploads\/2025\/12\/pngtree-150x150.png 150w\" sizes=\"auto, (max-width: 360px) 100vw, 360px\" \/><\/a><\/figure>\n<\/li><li class=\"wp-block-post post-177 post type-post status-publish format-standard has-post-thumbnail hentry category-hhps\">\n<figure style=\"margin-bottom:0;margin-top:0;\" class=\"alignwide wp-block-post-featured-image\"><a href=\"https:\/\/www.hhstudios.fr\/blog\/2025\/12\/09\/developpement-web-hhp\/\" target=\"_self\"  ><img loading=\"lazy\" decoding=\"async\" width=\"851\" height=\"315\" src=\"https:\/\/www.hhstudios.fr\/blog\/wp-content\/uploads\/2025\/12\/dev.jpg\" class=\"attachment-post-thumbnail size-post-thumbnail wp-post-image\" alt=\"D\u00e9veloppement web HHP\" style=\"object-fit:cover;\" srcset=\"https:\/\/www.hhstudios.fr\/blog\/wp-content\/uploads\/2025\/12\/dev.jpg 851w, https:\/\/www.hhstudios.fr\/blog\/wp-content\/uploads\/2025\/12\/dev-300x111.jpg 300w, https:\/\/www.hhstudios.fr\/blog\/wp-content\/uploads\/2025\/12\/dev-768x284.jpg 768w\" sizes=\"auto, (max-width: 851px) 100vw, 851px\" \/><\/a><\/figure>\n<\/li><\/ul><\/div>\n\n\n\n<div style=\"height:var(--wp--preset--spacing--50)\" aria-hidden=\"true\" class=\"wp-block-spacer\"><\/div>\n<\/div>\n\n\n\n<div class=\"wp-block-column is-layout-flow wp-container-core-column-is-layout-c6aab7f7 wp-block-column-is-layout-flow\">\n<div class=\"wp-block-query is-layout-flow wp-block-query-is-layout-flow\"><ul class=\"wp-block-post-template is-layout-flow wp-container-core-post-template-is-layout-67fd14af wp-block-post-template-is-layout-flow\"><li class=\"wp-block-post post-156 post type-post status-publish format-standard has-post-thumbnail hentry category-hhps\">\n<figure style=\"margin-bottom:0;\" class=\"alignwide wp-block-post-featured-image\"><a href=\"https:\/\/www.hhstudios.fr\/blog\/2025\/12\/08\/services-hhp\/\" target=\"_self\"  ><img loading=\"lazy\" decoding=\"async\" width=\"851\" height=\"315\" src=\"https:\/\/www.hhstudios.fr\/blog\/wp-content\/uploads\/2025\/12\/serv.jpg\" class=\"attachment-post-thumbnail size-post-thumbnail wp-post-image\" alt=\"D\u00e9pannages HHP\" style=\"object-fit:cover;\" srcset=\"https:\/\/www.hhstudios.fr\/blog\/wp-content\/uploads\/2025\/12\/serv.jpg 851w, https:\/\/www.hhstudios.fr\/blog\/wp-content\/uploads\/2025\/12\/serv-300x111.jpg 300w, https:\/\/www.hhstudios.fr\/blog\/wp-content\/uploads\/2025\/12\/serv-768x284.jpg 768w\" sizes=\"auto, (max-width: 851px) 100vw, 851px\" \/><\/a><\/figure>\n<\/li><li class=\"wp-block-post post-153 post type-post status-publish format-standard has-post-thumbnail hentry category-hhps category-ph\">\n<figure style=\"margin-bottom:0;\" class=\"alignwide wp-block-post-featured-image\"><a href=\"https:\/\/www.hhstudios.fr\/blog\/2025\/12\/08\/e-l-s-e-pharaoh-horus-covers12\/\" target=\"_self\"  ><img loading=\"lazy\" decoding=\"async\" width=\"1620\" height=\"1620\" src=\"https:\/\/www.hhstudios.fr\/blog\/wp-content\/uploads\/2025\/12\/else.jpg\" class=\"attachment-post-thumbnail size-post-thumbnail wp-post-image\" alt=\"E.L.S.E. &#8211; Pharaoh Horus | Covers#12\" style=\"object-fit:cover;\" \/><\/a><\/figure>\n<\/li><li class=\"wp-block-post post-121 post type-post status-publish format-standard has-post-thumbnail hentry category-hhps category-ph\">\n<figure style=\"margin-bottom:0;\" class=\"alignwide wp-block-post-featured-image\"><a href=\"https:\/\/www.hhstudios.fr\/blog\/2025\/12\/06\/deep-hysteria-pharaoh-horus-covers10\/\" target=\"_self\"  ><img loading=\"lazy\" decoding=\"async\" width=\"1620\" height=\"1620\" src=\"https:\/\/www.hhstudios.fr\/blog\/wp-content\/uploads\/2025\/12\/ep10_hysteria-1.jpg\" class=\"attachment-post-thumbnail size-post-thumbnail wp-post-image\" alt=\"Deep hysteria &#8211; Pharaoh Horus | Covers#10\" style=\"object-fit:cover;\" srcset=\"https:\/\/www.hhstudios.fr\/blog\/wp-content\/uploads\/2025\/12\/ep10_hysteria-1.jpg 1620w, https:\/\/www.hhstudios.fr\/blog\/wp-content\/uploads\/2025\/12\/ep10_hysteria-1-300x300.jpg 300w, https:\/\/www.hhstudios.fr\/blog\/wp-content\/uploads\/2025\/12\/ep10_hysteria-1-1024x1024.jpg 1024w, https:\/\/www.hhstudios.fr\/blog\/wp-content\/uploads\/2025\/12\/ep10_hysteria-1-150x150.jpg 150w, https:\/\/www.hhstudios.fr\/blog\/wp-content\/uploads\/2025\/12\/ep10_hysteria-1-768x768.jpg 768w, https:\/\/www.hhstudios.fr\/blog\/wp-content\/uploads\/2025\/12\/ep10_hysteria-1-1536x1536.jpg 1536w\" sizes=\"auto, (max-width: 1620px) 100vw, 1620px\" \/><\/a><\/figure>\n<\/li><\/ul><\/div>\n<\/div>\n\n\n\n<div class=\"wp-block-column is-layout-flow wp-container-core-column-is-layout-41a1b4d3 wp-block-column-is-layout-flow\" style=\"padding-top:0\">\n<div style=\"height:var(--wp--preset--spacing--50)\" aria-hidden=\"true\" class=\"wp-block-spacer\"><\/div>\n\n\n\n<div class=\"wp-block-query is-layout-flow wp-block-query-is-layout-flow\"><ul class=\"wp-block-post-template is-layout-flow wp-container-core-post-template-is-layout-67fd14af wp-block-post-template-is-layout-flow\"><li class=\"wp-block-post post-107 post type-post status-publish format-standard has-post-thumbnail hentry category-hhps category-ph\">\n<figure style=\"margin-top:0;margin-bottom:0;\" class=\"alignwide wp-block-post-featured-image\"><a href=\"https:\/\/www.hhstudios.fr\/blog\/2025\/12\/06\/running-up-that-hill\/\" target=\"_self\"  ><img loading=\"lazy\" decoding=\"async\" width=\"1620\" height=\"1620\" src=\"https:\/\/www.hhstudios.fr\/blog\/wp-content\/uploads\/2025\/12\/ep8_placebo-1.jpg\" class=\"attachment-post-thumbnail size-post-thumbnail wp-post-image\" alt=\"Running up that hill &#8211; Pharaoh Horus | Covers#8\" style=\"object-fit:cover;\" srcset=\"https:\/\/www.hhstudios.fr\/blog\/wp-content\/uploads\/2025\/12\/ep8_placebo-1.jpg 1620w, https:\/\/www.hhstudios.fr\/blog\/wp-content\/uploads\/2025\/12\/ep8_placebo-1-300x300.jpg 300w, https:\/\/www.hhstudios.fr\/blog\/wp-content\/uploads\/2025\/12\/ep8_placebo-1-1024x1024.jpg 1024w, https:\/\/www.hhstudios.fr\/blog\/wp-content\/uploads\/2025\/12\/ep8_placebo-1-150x150.jpg 150w, https:\/\/www.hhstudios.fr\/blog\/wp-content\/uploads\/2025\/12\/ep8_placebo-1-768x768.jpg 768w, https:\/\/www.hhstudios.fr\/blog\/wp-content\/uploads\/2025\/12\/ep8_placebo-1-1536x1536.jpg 1536w\" sizes=\"auto, (max-width: 1620px) 100vw, 1620px\" \/><\/a><\/figure>\n<\/li><li class=\"wp-block-post post-103 post type-post status-publish format-standard has-post-thumbnail hentry category-hhps category-ph\">\n<figure style=\"margin-top:0;margin-bottom:0;\" class=\"alignwide wp-block-post-featured-image\"><a href=\"https:\/\/www.hhstudios.fr\/blog\/2025\/12\/06\/the-very-nice-days-pharaoh-horus-covers7\/\" target=\"_self\"  ><img loading=\"lazy\" decoding=\"async\" width=\"1620\" height=\"1620\" src=\"https:\/\/www.hhstudios.fr\/blog\/wp-content\/uploads\/2025\/12\/ep7_bellejournee.jpg\" class=\"attachment-post-thumbnail size-post-thumbnail wp-post-image\" alt=\"The very nice days &#8211; Pharaoh Horus | Covers#7\" style=\"object-fit:cover;\" srcset=\"https:\/\/www.hhstudios.fr\/blog\/wp-content\/uploads\/2025\/12\/ep7_bellejournee.jpg 1620w, https:\/\/www.hhstudios.fr\/blog\/wp-content\/uploads\/2025\/12\/ep7_bellejournee-300x300.jpg 300w, https:\/\/www.hhstudios.fr\/blog\/wp-content\/uploads\/2025\/12\/ep7_bellejournee-1024x1024.jpg 1024w, https:\/\/www.hhstudios.fr\/blog\/wp-content\/uploads\/2025\/12\/ep7_bellejournee-150x150.jpg 150w, https:\/\/www.hhstudios.fr\/blog\/wp-content\/uploads\/2025\/12\/ep7_bellejournee-768x768.jpg 768w, https:\/\/www.hhstudios.fr\/blog\/wp-content\/uploads\/2025\/12\/ep7_bellejournee-1536x1536.jpg 1536w\" sizes=\"auto, (max-width: 1620px) 100vw, 1620px\" \/><\/a><\/figure>\n<\/li><li class=\"wp-block-post post-61 post type-post status-publish format-standard has-post-thumbnail hentry category-hhps\">\n<figure style=\"margin-top:0;margin-bottom:0;\" class=\"alignwide wp-block-post-featured-image\"><a href=\"https:\/\/www.hhstudios.fr\/blog\/2025\/12\/06\/infographie-affiches\/\" target=\"_self\"  ><img loading=\"lazy\" decoding=\"async\" width=\"851\" height=\"315\" src=\"https:\/\/www.hhstudios.fr\/blog\/wp-content\/uploads\/2025\/12\/infog.jpg\" class=\"attachment-post-thumbnail size-post-thumbnail wp-post-image\" alt=\"Infographie | Affiches\" style=\"object-fit:cover;\" srcset=\"https:\/\/www.hhstudios.fr\/blog\/wp-content\/uploads\/2025\/12\/infog.jpg 851w, https:\/\/www.hhstudios.fr\/blog\/wp-content\/uploads\/2025\/12\/infog-300x111.jpg 300w, https:\/\/www.hhstudios.fr\/blog\/wp-content\/uploads\/2025\/12\/infog-768x284.jpg 768w\" sizes=\"auto, (max-width: 851px) 100vw, 851px\" \/><\/a><\/figure>\n<\/li><\/ul><\/div>\n\n\n\n<div style=\"height:var(--wp--preset--spacing--50)\" aria-hidden=\"true\" class=\"wp-block-spacer\"><\/div>\n<\/div>\n<\/div>\n<\/div>\n\n\n\n<ul class=\"wp-block-social-links is-layout-flex wp-block-social-links-is-layout-flex\">\n\n\n\n\n\n<\/ul>\n\n\n\n<div class=\"wp-block-group has-global-padding is-layout-constrained wp-block-group-is-layout-constrained\"><div class=\"logged-out wp-block-loginout\"><a href=\"https:\/\/www.hhstudios.fr\/blog\/wp-login.php?redirect_to=https%3A%2F%2Fwww.hhstudios.fr%2Fblog%2Fwp-json%2Fwp%2Fv2%2Fpages%2F9\">Connexion<\/a><\/div><\/div>\n\n\n\n<p class=\"wp-block-paragraph\"><\/p>\n","protected":false},"excerpt":{"rendered":"<p>Je suis Pharaoh Horus, un DJ passionn\u00e9 qui trouve son inspiration en capturant la beaut\u00e9 \u00e9ph\u00e9m\u00e8re de la vie.<\/p>\n","protected":false},"author":1,"featured_media":28,"parent":0,"menu_order":0,"comment_status":"closed","ping_status":"closed","template":"","meta":{"_crdt_document":"","footnotes":""},"class_list":["post-9","page","type-page","status-publish","has-post-thumbnail","hentry"],"_links":{"self":[{"href":"https:\/\/www.hhstudios.fr\/blog\/wp-json\/wp\/v2\/pages\/9","targetHints":{"allow":["GET"]}}],"collection":[{"href":"https:\/\/www.hhstudios.fr\/blog\/wp-json\/wp\/v2\/pages"}],"about":[{"href":"https:\/\/www.hhstudios.fr\/blog\/wp-json\/wp\/v2\/types\/page"}],"author":[{"embeddable":true,"href":"https:\/\/www.hhstudios.fr\/blog\/wp-json\/wp\/v2\/users\/1"}],"replies":[{"embeddable":true,"href":"https:\/\/www.hhstudios.fr\/blog\/wp-json\/wp\/v2\/comments?post=9"}],"version-history":[{"count":5,"href":"https:\/\/www.hhstudios.fr\/blog\/wp-json\/wp\/v2\/pages\/9\/revisions"}],"predecessor-version":[{"id":358,"href":"https:\/\/www.hhstudios.fr\/blog\/wp-json\/wp\/v2\/pages\/9\/revisions\/358"}],"wp:featuredmedia":[{"embeddable":true,"href":"https:\/\/www.hhstudios.fr\/blog\/wp-json\/wp\/v2\/media\/28"}],"wp:attachment":[{"href":"https:\/\/www.hhstudios.fr\/blog\/wp-json\/wp\/v2\/media?parent=9"}],"curies":[{"name":"wp","href":"https:\/\/api.w.org\/{rel}","templated":true}]}}